{"id":2679,"date":"2026-03-15T16:45:19","date_gmt":"2026-03-15T16:45:19","guid":{"rendered":"http:\/\/animalicious.de\/?page_id=2679"},"modified":"2026-03-15T20:27:42","modified_gmt":"2026-03-15T20:27:42","slug":"antje-schuenemann-innovationsberatung-fuer-petcare-marken","status":"publish","type":"page","link":"https:\/\/animalicious.de\/","title":{"rendered":"Antje Sch\u00fcnemann &#8211; Innovationsberatung f\u00fcr Petcare Marken"},"content":{"rendered":"<div data-colibri-id=\"2679-c1\" class=\"style-190 style-local-2679-c1 position-relative\">\n  <!---->\n  <div data-colibri-component=\"section\" data-colibri-id=\"2679-c2\" id=\"overlappable\" class=\"h-section h-section-global-spacing d-flex align-items-lg-center align-items-md-center align-items-center style-194 style-local-2679-c2 position-relative\">\n    <!---->\n    <!---->\n    <div class=\"h-section-grid-container h-section-boxed-container\">\n      <!---->\n      <div data-colibri-id=\"2679-c3\" class=\"h-row-container gutters-row-lg-2 gutters-row-md-0 gutters-row-2 gutters-row-v-lg-2 gutters-row-v-md-0 gutters-row-v-2 style-195 style-local-2679-c3 position-relative\">\n        <!---->\n        <div class=\"h-row justify-content-lg-center justify-content-md-center justify-content-center align-items-lg-stretch align-items-md-stretch align-items-stretch gutters-col-lg-2 gutters-col-md-0 gutters-col-2 gutters-col-v-lg-2 gutters-col-v-md-0 gutters-col-v-2\">\n          <!---->\n          <div class=\"h-column h-column-container d-flex h-col-lg-4 h-col-md-4 h-col-12 style-196-outer style-local-2679-c4-outer\">\n            <div data-colibri-id=\"2679-c4\" class=\"d-flex h-flex-basis h-column__inner h-px-lg-2 h-px-md-3 h-px-2 v-inner-lg-0 v-inner-md-3 v-inner-2 style-196 style-local-2679-c4 position-relative\">\n              <!---->\n              <!---->\n              <div class=\"w-100 h-y-container h-column__content h-column__v-align flex-basis-100 align-self-lg-start align-self-md-start align-self-start\">\n                <!---->\n                <div data-colibri-id=\"2679-c5\" class=\"h-icon style-197 style-local-2679-c5 position-relative h-element\">\n                  <!----><span class=\"h-svg-icon h-icon__icon style-197-icon style-local-2679-c5-icon\"><!--Icon by Font Awesome (https:\/\/fontawesome.com)-->\n    <svg version=\"1.1\" xmlns=\"http:\/\/www.w3.org\/2000\/svg\" xmlns:xlink=\"http:\/\/www.w3.org\/1999\/xlink\" id=\"arrow-right\" viewBox=\"0 0 1536 1896.0833\">\n      <path d=\"M1472 960q0 54-37 91l-651 651q-39 37-91 37-51 0-90-37l-75-75q-38-38-38-91t38-91l293-293H117q-52 0-84.5-37.5T0 1024V896q0-53 32.5-90.5T117 768h704L528 474q-38-36-38-90t38-90l75-75q38-38 90-38 53 0 91 38l651 651q37 35 37 90z\"><\/path>\n    <\/svg><\/span><\/div>\n                <div data-colibri-id=\"2679-c6\" class=\"h-global-transition-all h-heading style-198 style-local-2679-c6 position-relative h-element\">\n                  <!---->\n                  <div class=\"h-heading__outer style-198 style-local-2679-c6\">\n                    <!---->\n                    <!---->\n                    <h5 class=\"\">Trendreports &amp; Insights<\/h5>\n                  <\/div>\n                <\/div>\n                <div data-colibri-id=\"2679-c7\" class=\"h-text h-text-component style-199 style-local-2679-c7 position-relative h-element\">\n                  <!---->\n                  <!---->\n                  <div class=\"\">\n                    <p>Unsere ma\u00dfgeschneiderten Trendreports liefern Ihnen eine pr\u00e4zise Analyse der relevanten Markt- und Konsumenten-entwicklungen in der Petcare-Branche, eine gezielte Potenzialfeldanalyse mit konkreten Wachstumschancen sowie klare strategische\n                      Empfehlungen, die direkt in Ihre Planung einflie\u00dfen k\u00f6nnen.\n                      <br>\n                    <\/p>\n                  <\/div>\n                <\/div>\n              <\/div>\n            <\/div>\n          <\/div>\n          <div class=\"h-column h-column-container d-flex h-col-lg-4 h-col-md-4 h-col-12 style-196-outer style-local-2679-c8-outer\">\n            <div data-colibri-id=\"2679-c8\" class=\"d-flex h-flex-basis h-column__inner h-px-lg-2 h-px-md-3 h-px-2 v-inner-lg-0 v-inner-md-3 v-inner-2 style-196 style-local-2679-c8 position-relative\">\n              <!---->\n              <!---->\n              <div class=\"w-100 h-y-container h-column__content h-column__v-align flex-basis-100 align-self-lg-start align-self-md-start align-self-start\">\n                <!---->\n                <div data-colibri-id=\"2679-c9\" class=\"h-icon style-197 style-local-2679-c9 position-relative h-element\">\n                  <!----><span class=\"h-svg-icon h-icon__icon style-197-icon style-local-2679-c9-icon\"><!--Icon by Icons8 Line Awesome (https:\/\/icons8.com\/line-awesome)--><svg version=\"1.1\" xmlns=\"http:\/\/www.w3.org\/2000\/svg\" xmlns:xlink=\"http:\/\/www.w3.org\/1999\/xlink\" id=\"cubes\" viewBox=\"0 0 512 545.5\"><path d=\"M256 96l6 2.5 96 38.5 10 4v107.5l86.5 37.5 9.5 4.5v129l-8 5-96 53.5-7.5 4-7.5-3.5-89-44.5-89 44.5-7.5 3.5-7.5-4-96-53.5-8-5v-129l9.5-4.5 86.5-37.5V141l10-4 96-38.5zm0 35l-52.5 20.5L256 172l52.5-20.5zm-80 44v74l64 28.5v-78zm160 0l-64 24.5v78l64-28.5v-74zM160 277l-58 25 58 29 58-28.5zm192 0l-40 17.5-18 8 58 28.5 58-29zM80 326.5V401l64 36v-78.5zm352 0l-64 32V437l64-36v-74.5zm-192 1l-64 31V438l64-32v-78.5zm32 0V406l64 32v-79.5z\"><\/path><\/svg><\/span><\/div>\n                <div\n                  data-colibri-id=\"2679-c10\" class=\"h-global-transition-all h-heading style-198 style-local-2679-c10 position-relative h-element\">\n                  <!---->\n                  <div class=\"h-heading__outer style-198 style-local-2679-c10\">\n                    <!---->\n                    <!---->\n                    <h5 class=\"\">Innovations- &amp; Ideation Workshops<\/h5>\n                  <\/div>\n              <\/div>\n              <div data-colibri-id=\"2679-c11\" class=\"h-text h-text-component style-199 style-local-2679-c11 position-relative h-element\">\n                <!---->\n                <!---->\n                <div class=\"\">\n                  <p>Neue Produktideen entstehen nicht am Schreibtisch \u2013 sie entstehen im Dialog. In unseren Innovations- und Ideation Workshops arbeiten wir direkt mit Ihrem Team vor Ort: gemeinsam identifizieren wir die relevanten Chancenfelder f\u00fcr Ihre\n                    Petcare-Marke und entwickeln daraus erste konkrete Produktideen.<\/p>\n                  <p>Der Workshop verbindet fundiertes Trendwissen mit strukturierten Kreativmethoden \u2013 so wird aus Marktintelligenz echte Innovationskraft. Das Ergebnis ist kein theoretisches Konzept, sondern ein greifbarer Ausgangspunkt f\u00fcr Ihre n\u00e4chste\n                    Produktgeneration.<\/p>\n                <\/div>\n              <\/div>\n            <\/div>\n          <\/div>\n        <\/div>\n        <div class=\"h-column h-column-container d-flex h-col-lg-4 h-col-md-4 h-col-12 style-196-outer style-local-2679-c12-outer\">\n          <div data-colibri-id=\"2679-c12\" class=\"d-flex h-flex-basis h-column__inner h-px-lg-2 h-px-md-3 h-px-2 v-inner-lg-0 v-inner-md-3 v-inner-2 style-196 style-local-2679-c12 position-relative\">\n            <!---->\n            <!---->\n            <div class=\"w-100 h-y-container h-column__content h-column__v-align flex-basis-100 align-self-lg-start align-self-md-start align-self-start\">\n              <!---->\n              <div data-colibri-id=\"2679-c13\" class=\"h-icon style-197 style-local-2679-c13 position-relative h-element\">\n                <!----><span class=\"h-svg-icon h-icon__icon style-197-icon style-local-2679-c13-icon\"><!--Icon by Socicon (http:\/\/www.socicon.com)--><svg version=\"1.1\" xmlns=\"http:\/\/www.w3.org\/2000\/svg\" viewBox=\"0 0 1500 1500\">\n\n<path d=\"M1500 526.5c-6-180-156-322.5-336-324-276 0-553.5 0-829.5 0-31.5 0-63 3-93 12-157.5 45-255 195-240 370.5 12 141 142.5 282 283.5 291 67.5 4.5 96 31.5 115.5 91.5 37.5 109.5 81 217.5 124.5 330 24-18 27-39 33-55.5 36-94.5 73.5-187.5 105-283.5 18-55.5 45-78 106.5-76.5 136.5 4.5 274.5 3 412.5-3 187.5-9 324-165 318-352.5zM1147.5 724.5c-166.5 1.5-333 1.5-501 0-37.5 0-57 7.5-64.5 48-12 63-31.5 124.5-51 201-18-75-36-136.5-48-199.5-7.5-37.5-24-52.5-63-49.5-43.5 3-87 4.5-129-7.5-82.5-24-136.5-96-132-183s63-154.5 148.5-169.5c19.5-3 37.5-6 57-6 255 0 511.5 0 766.5 0 81 0 150 27 189 105 60 123-28.5 259.5-172.5 261z\"><\/path>\n<\/svg>\n<\/span><\/div>\n              <div data-colibri-id=\"2679-c14\" class=\"h-global-transition-all h-heading style-198 style-local-2679-c14 position-relative h-element\">\n                <!---->\n                <div class=\"h-heading__outer style-198 style-local-2679-c14\">\n                  <!---->\n                  <!---->\n                  <h5 class=\"\">Vortr\u00e4ge &amp;\n                    <br>Moderation<\/h5>\n                <\/div>\n              <\/div>\n              <div data-colibri-id=\"2679-c15\" class=\"h-text h-text-component style-199 style-local-2679-c15 position-relative h-element\">\n                <!---->\n                <!---->\n                <div class=\"\">\n                  <p>Ich spreche auf Konferenzen, Fachveranstaltungen und Unternehmensevents \u00fcber aktuelle Trends in Petcare sowie Food &amp; Beverage \u2013 praxisnah und mit fast 20 Jahren Branchenerfahrung im Gep\u00e4ck.<\/p>\n                  <p>Als Moderatorin begleite ich Workshops, Events und Panels mit Struktur und dem n\u00f6tigen Fachwissen, um relevante Gespr\u00e4che zu f\u00fchren.<\/p>\n                <\/div>\n              <\/div>\n            <\/div>\n          <\/div>\n        <\/div>\n      <\/div>\n    <\/div>\n  <\/div>\n<\/div>\n<\/div>","protected":false},"excerpt":{"rendered":"<p>Trendreports &amp; Insights Unsere ma\u00dfgeschneiderten Trendreports liefern Ihnen eine pr\u00e4zise Analyse der relevanten [&hellip;]<\/p>\n","protected":false},"author":1,"featured_media":2773,"parent":0,"menu_order":0,"comment_status":"closed","ping_status":"closed","template":"page-templates\/homepage.php","meta":{"jetpack_post_was_ever_published":false,"footnotes":""},"class_list":["post-2679","page","type-page","status-publish","has-post-thumbnail","hentry"],"yoast_head":"<!-- This site is optimized with the Yoast SEO plugin v27.5 - https:\/\/yoast.com\/product\/yoast-seo-wordpress\/ -->\n<title>Antje Sch\u00fcnemann - Innovationsberatung f\u00fcr Petcare Marken - animalicious.de<\/title>\n<meta name=\"description\" content=\"Innovationsworkshops, Beratung, Trendreports, Moderation, Potentialfelder, Produktkonzepte, Innovation, Katze und Hund, Tiergesundheit, Longevity\" \/>\n<meta name=\"robots\" content=\"index, follow, max-snippet:-1, max-image-preview:large, max-video-preview:-1\" \/>\n<link rel=\"canonical\" href=\"https:\/\/animalicious.de\/\" \/>\n<meta property=\"og:locale\" content=\"de_DE\" \/>\n<meta property=\"og:type\" content=\"article\" \/>\n<meta property=\"og:title\" content=\"Antje Sch\u00fcnemann - Innovationsberatung f\u00fcr Petcare Marken - animalicious.de\" \/>\n<meta property=\"og:description\" content=\"Innovationsworkshops, Beratung, Trendreports, Moderation, Potentialfelder, Produktkonzepte, Innovation, Katze und Hund, Tiergesundheit, Longevity\" \/>\n<meta property=\"og:url\" content=\"https:\/\/animalicious.de\/\" \/>\n<meta property=\"og:site_name\" content=\"animalicious.de\" \/>\n<meta property=\"article:modified_time\" content=\"2026-03-15T20:27:42+00:00\" \/>\n<meta property=\"og:image\" content=\"https:\/\/animalicious.de\/wp-content\/uploads\/2026\/03\/AntjeSchuenemann-scaled.jpg\" \/>\n\t<meta property=\"og:image:width\" content=\"1706\" \/>\n\t<meta property=\"og:image:height\" content=\"2560\" \/>\n\t<meta property=\"og:image:type\" content=\"image\/jpeg\" \/>\n<meta name=\"twitter:card\" content=\"summary_large_image\" \/>\n<meta name=\"twitter:label1\" content=\"Gesch\u00e4tzte Lesezeit\" \/>\n\t<meta name=\"twitter:data1\" content=\"2\u00a0Minuten\" \/>\n<script type=\"application\/ld+json\" class=\"yoast-schema-graph\">{\"@context\":\"https:\\\/\\\/schema.org\",\"@graph\":[{\"@type\":\"WebPage\",\"@id\":\"https:\\\/\\\/animalicious.de\\\/\",\"url\":\"https:\\\/\\\/animalicious.de\\\/\",\"name\":\"Antje Sch\u00fcnemann - Innovationsberatung f\u00fcr Petcare Marken - animalicious.de\",\"isPartOf\":{\"@id\":\"https:\\\/\\\/animalicious.de\\\/#website\"},\"primaryImageOfPage\":{\"@id\":\"https:\\\/\\\/animalicious.de\\\/#primaryimage\"},\"image\":{\"@id\":\"https:\\\/\\\/animalicious.de\\\/#primaryimage\"},\"thumbnailUrl\":\"https:\\\/\\\/animalicious.de\\\/wp-content\\\/uploads\\\/2026\\\/03\\\/AntjeSchuenemann-scaled.jpg\",\"datePublished\":\"2026-03-15T16:45:19+00:00\",\"dateModified\":\"2026-03-15T20:27:42+00:00\",\"description\":\"Innovationsworkshops, Beratung, Trendreports, Moderation, Potentialfelder, Produktkonzepte, Innovation, Katze und Hund, Tiergesundheit, Longevity\",\"breadcrumb\":{\"@id\":\"https:\\\/\\\/animalicious.de\\\/#breadcrumb\"},\"inLanguage\":\"de\",\"potentialAction\":[{\"@type\":\"ReadAction\",\"target\":[\"https:\\\/\\\/animalicious.de\\\/\"]}]},{\"@type\":\"ImageObject\",\"inLanguage\":\"de\",\"@id\":\"https:\\\/\\\/animalicious.de\\\/#primaryimage\",\"url\":\"https:\\\/\\\/animalicious.de\\\/wp-content\\\/uploads\\\/2026\\\/03\\\/AntjeSchuenemann-scaled.jpg\",\"contentUrl\":\"https:\\\/\\\/animalicious.de\\\/wp-content\\\/uploads\\\/2026\\\/03\\\/AntjeSchuenemann-scaled.jpg\",\"width\":1706,\"height\":2560},{\"@type\":\"BreadcrumbList\",\"@id\":\"https:\\\/\\\/animalicious.de\\\/#breadcrumb\",\"itemListElement\":[{\"@type\":\"ListItem\",\"position\":1,\"name\":\"Startseite\",\"item\":\"https:\\\/\\\/animalicious.de\\\/\"},{\"@type\":\"ListItem\",\"position\":2,\"name\":\"Antje Sch\u00fcnemann &#8211; Innovationsberatung f\u00fcr Petcare Marken\"}]},{\"@type\":\"WebSite\",\"@id\":\"https:\\\/\\\/animalicious.de\\\/#website\",\"url\":\"https:\\\/\\\/animalicious.de\\\/\",\"name\":\"animalicious.de\",\"description\":\"Shaping what&#039;s next in petcare\",\"publisher\":{\"@id\":\"https:\\\/\\\/animalicious.de\\\/#organization\"},\"potentialAction\":[{\"@type\":\"SearchAction\",\"target\":{\"@type\":\"EntryPoint\",\"urlTemplate\":\"https:\\\/\\\/animalicious.de\\\/?s={search_term_string}\"},\"query-input\":{\"@type\":\"PropertyValueSpecification\",\"valueRequired\":true,\"valueName\":\"search_term_string\"}}],\"inLanguage\":\"de\"},{\"@type\":\"Organization\",\"@id\":\"https:\\\/\\\/animalicious.de\\\/#organization\",\"name\":\"animalicious.de\",\"url\":\"https:\\\/\\\/animalicious.de\\\/\",\"logo\":{\"@type\":\"ImageObject\",\"inLanguage\":\"de\",\"@id\":\"https:\\\/\\\/animalicious.de\\\/#\\\/schema\\\/logo\\\/image\\\/\",\"url\":\"https:\\\/\\\/animalicious.de\\\/wp-content\\\/uploads\\\/2026\\\/03\\\/cropped-Logo_Animalicious_allblue_fett_seitliche_Tiere-Kopie.png\",\"contentUrl\":\"https:\\\/\\\/animalicious.de\\\/wp-content\\\/uploads\\\/2026\\\/03\\\/cropped-Logo_Animalicious_allblue_fett_seitliche_Tiere-Kopie.png\",\"width\":1080,\"height\":355,\"caption\":\"animalicious.de\"},\"image\":{\"@id\":\"https:\\\/\\\/animalicious.de\\\/#\\\/schema\\\/logo\\\/image\\\/\"},\"sameAs\":[\"https:\\\/\\\/www.instagram.com\\\/animalicious___trends\\\/\"]}]}<\/script>\n<!-- \/ Yoast SEO plugin. -->","yoast_head_json":{"title":"Antje Sch\u00fcnemann - Innovationsberatung f\u00fcr Petcare Marken - animalicious.de","description":"Innovationsworkshops, Beratung, Trendreports, Moderation, Potentialfelder, Produktkonzepte, Innovation, Katze und Hund, Tiergesundheit, Longevity","robots":{"index":"index","follow":"follow","max-snippet":"max-snippet:-1","max-image-preview":"max-image-preview:large","max-video-preview":"max-video-preview:-1"},"canonical":"https:\/\/animalicious.de\/","og_locale":"de_DE","og_type":"article","og_title":"Antje Sch\u00fcnemann - Innovationsberatung f\u00fcr Petcare Marken - animalicious.de","og_description":"Innovationsworkshops, Beratung, Trendreports, Moderation, Potentialfelder, Produktkonzepte, Innovation, Katze und Hund, Tiergesundheit, Longevity","og_url":"https:\/\/animalicious.de\/","og_site_name":"animalicious.de","article_modified_time":"2026-03-15T20:27:42+00:00","og_image":[{"width":1706,"height":2560,"url":"https:\/\/animalicious.de\/wp-content\/uploads\/2026\/03\/AntjeSchuenemann-scaled.jpg","type":"image\/jpeg"}],"twitter_card":"summary_large_image","twitter_misc":{"Gesch\u00e4tzte Lesezeit":"2\u00a0Minuten"},"schema":{"@context":"https:\/\/schema.org","@graph":[{"@type":"WebPage","@id":"https:\/\/animalicious.de\/","url":"https:\/\/animalicious.de\/","name":"Antje Sch\u00fcnemann - Innovationsberatung f\u00fcr Petcare Marken - animalicious.de","isPartOf":{"@id":"https:\/\/animalicious.de\/#website"},"primaryImageOfPage":{"@id":"https:\/\/animalicious.de\/#primaryimage"},"image":{"@id":"https:\/\/animalicious.de\/#primaryimage"},"thumbnailUrl":"https:\/\/animalicious.de\/wp-content\/uploads\/2026\/03\/AntjeSchuenemann-scaled.jpg","datePublished":"2026-03-15T16:45:19+00:00","dateModified":"2026-03-15T20:27:42+00:00","description":"Innovationsworkshops, Beratung, Trendreports, Moderation, Potentialfelder, Produktkonzepte, Innovation, Katze und Hund, Tiergesundheit, Longevity","breadcrumb":{"@id":"https:\/\/animalicious.de\/#breadcrumb"},"inLanguage":"de","potentialAction":[{"@type":"ReadAction","target":["https:\/\/animalicious.de\/"]}]},{"@type":"ImageObject","inLanguage":"de","@id":"https:\/\/animalicious.de\/#primaryimage","url":"https:\/\/animalicious.de\/wp-content\/uploads\/2026\/03\/AntjeSchuenemann-scaled.jpg","contentUrl":"https:\/\/animalicious.de\/wp-content\/uploads\/2026\/03\/AntjeSchuenemann-scaled.jpg","width":1706,"height":2560},{"@type":"BreadcrumbList","@id":"https:\/\/animalicious.de\/#breadcrumb","itemListElement":[{"@type":"ListItem","position":1,"name":"Startseite","item":"https:\/\/animalicious.de\/"},{"@type":"ListItem","position":2,"name":"Antje Sch\u00fcnemann &#8211; Innovationsberatung f\u00fcr Petcare Marken"}]},{"@type":"WebSite","@id":"https:\/\/animalicious.de\/#website","url":"https:\/\/animalicious.de\/","name":"animalicious.de","description":"Shaping what&#039;s next in petcare","publisher":{"@id":"https:\/\/animalicious.de\/#organization"},"potentialAction":[{"@type":"SearchAction","target":{"@type":"EntryPoint","urlTemplate":"https:\/\/animalicious.de\/?s={search_term_string}"},"query-input":{"@type":"PropertyValueSpecification","valueRequired":true,"valueName":"search_term_string"}}],"inLanguage":"de"},{"@type":"Organization","@id":"https:\/\/animalicious.de\/#organization","name":"animalicious.de","url":"https:\/\/animalicious.de\/","logo":{"@type":"ImageObject","inLanguage":"de","@id":"https:\/\/animalicious.de\/#\/schema\/logo\/image\/","url":"https:\/\/animalicious.de\/wp-content\/uploads\/2026\/03\/cropped-Logo_Animalicious_allblue_fett_seitliche_Tiere-Kopie.png","contentUrl":"https:\/\/animalicious.de\/wp-content\/uploads\/2026\/03\/cropped-Logo_Animalicious_allblue_fett_seitliche_Tiere-Kopie.png","width":1080,"height":355,"caption":"animalicious.de"},"image":{"@id":"https:\/\/animalicious.de\/#\/schema\/logo\/image\/"},"sameAs":["https:\/\/www.instagram.com\/animalicious___trends\/"]}]}},"jetpack_sharing_enabled":true,"jetpack_shortlink":"https:\/\/wp.me\/P9CaTu-Hd","_links":{"self":[{"href":"https:\/\/animalicious.de\/index.php?rest_route=\/wp\/v2\/pages\/2679","targetHints":{"allow":["GET"]}}],"collection":[{"href":"https:\/\/animalicious.de\/index.php?rest_route=\/wp\/v2\/pages"}],"about":[{"href":"https:\/\/animalicious.de\/index.php?rest_route=\/wp\/v2\/types\/page"}],"author":[{"embeddable":true,"href":"https:\/\/animalicious.de\/index.php?rest_route=\/wp\/v2\/users\/1"}],"replies":[{"embeddable":true,"href":"https:\/\/animalicious.de\/index.php?rest_route=%2Fwp%2Fv2%2Fcomments&post=2679"}],"version-history":[{"count":5,"href":"https:\/\/animalicious.de\/index.php?rest_route=\/wp\/v2\/pages\/2679\/revisions"}],"predecessor-version":[{"id":2866,"href":"https:\/\/animalicious.de\/index.php?rest_route=\/wp\/v2\/pages\/2679\/revisions\/2866"}],"wp:featuredmedia":[{"embeddable":true,"href":"https:\/\/animalicious.de\/index.php?rest_route=\/wp\/v2\/media\/2773"}],"wp:attachment":[{"href":"https:\/\/animalicious.de\/index.php?rest_route=%2Fwp%2Fv2%2Fmedia&parent=2679"}],"curies":[{"name":"wp","href":"https:\/\/api.w.org\/{rel}","templated":true}]}}